{"id":11,"date":"2024-11-06T20:02:53","date_gmt":"2024-11-06T20:02:53","guid":{"rendered":"https:\/\/helenecaron.ca\/?page_id=11"},"modified":"2025-05-18T17:08:02","modified_gmt":"2025-05-18T17:08:02","slug":"home","status":"publish","type":"page","link":"https:\/\/helenecaron.ca\/fr\/","title":{"rendered":"Accueil"},"content":{"rendered":"<div data-elementor-type=\"wp-page\" data-elementor-id=\"11\" class=\"elementor elementor-11\" data-elementor-post-type=\"page\">\n\t\t\t\t<div class=\"elementor-element elementor-element-eaf33f6 e-flex e-con-boxed e-con e-parent\" data-id=\"eaf33f6\" data-element_type=\"container\" data-e-type=\"container\">\n\t\t\t\t\t<div class=\"e-con-inner\">\n\t\t<div class=\"elementor-element elementor-element-a53c4c0 e-con-full e-flex e-con e-child\" data-id=\"a53c4c0\" data-element_type=\"container\" data-e-type=\"container\">\n\t\t<div class=\"elementor-element elementor-element-ad686f6 e-con-full e-flex e-con e-child\" data-id=\"ad686f6\" data-element_type=\"container\" data-e-type=\"container\">\n\t\t\t\t<div class=\"elementor-element elementor-element-0c741d9 elementor-widget elementor-widget-shortcode\" data-id=\"0c741d9\" data-element_type=\"widget\" data-e-type=\"widget\" data-widget_type=\"shortcode.default\">\n\t\t\t\t<div class=\"elementor-widget-container\">\n\t\t\t\t\t\t\t<div class=\"elementor-shortcode\">\t\t<div data-elementor-type=\"section\" data-elementor-id=\"208\" class=\"elementor elementor-208\" data-elementor-post-type=\"elementor_library\">\n\t\t\t<div class=\"elementor-element elementor-element-c111e7e e-con-full e-flex e-con e-child\" data-id=\"c111e7e\" data-element_type=\"container\" data-e-type=\"container\">\n\t\t\t\t<div class=\"elementor-element elementor-element-b19b875 elementor-widget elementor-widget-image\" data-id=\"b19b875\" data-element_type=\"widget\" data-e-type=\"widget\" data-widget_type=\"image.default\">\n\t\t\t\t<div class=\"elementor-widget-container\">\n\t\t\t\t\t\t\t\t\t\t\t\t\t\t\t\t<a href=\"https:\/\/helenecaron.ca\/fr\">\n\t\t\t\t\t\t\t<img fetchpriority=\"high\" decoding=\"async\" width=\"400\" height=\"205\" src=\"http:\/\/helenecaron.ca\/wp-content\/uploads\/2024\/11\/light-logo-1-1.png\" class=\"attachment-full size-full wp-image-223\" alt=\"\" srcset=\"https:\/\/helenecaron.ca\/wp-content\/uploads\/2024\/11\/light-logo-1-1.png 400w, https:\/\/helenecaron.ca\/wp-content\/uploads\/2024\/11\/light-logo-1-1-300x154.png 300w, https:\/\/helenecaron.ca\/wp-content\/uploads\/2024\/11\/light-logo-1-1-18x9.png 18w\" sizes=\"(max-width: 400px) 100vw, 400px\" \/>\t\t\t\t\t\t\t\t<\/a>\n\t\t\t\t\t\t\t\t\t\t\t\t\t\t\t<\/div>\n\t\t\t\t<\/div>\n\t\t\t\t<div class=\"elementor-element elementor-element-f47e4d0 elementor-widget elementor-widget-text-editor\" data-id=\"f47e4d0\" data-element_type=\"widget\" data-e-type=\"widget\" data-widget_type=\"text-editor.default\">\n\t\t\t\t<div class=\"elementor-widget-container\">\n\t\t\t\t\t\t\t\t\t<p>B.Comm. \u2022 M.A. (fran\u00e7ais) \u2022 PhD ABD (fran\u00e7ais\/Food Studies)\nChevali\u00e8re de l\u2019Ordre de la Pl\u00e9iade (Ontario 2020)\nVoix hors champ (accent qu\u00e9b\u00e9cois\/fran\u00e7ais international),\ntraductrice, animatrice radio, enseignante et auteure<\/p>\t\t\t\t\t\t\t\t<\/div>\n\t\t\t\t<\/div>\n\t\t\t\t<div class=\"elementor-element elementor-element-6b963c5 elementor-nav-menu--dropdown-none elementor-widget elementor-widget-nav-menu\" data-id=\"6b963c5\" data-element_type=\"widget\" data-e-type=\"widget\" data-settings=\"{&quot;layout&quot;:&quot;horizontal&quot;,&quot;submenu_icon&quot;:{&quot;value&quot;:&quot;&lt;svg class=\\&quot;e-font-icon-svg e-fas-caret-down\\&quot; viewBox=\\&quot;0 0 320 512\\&quot; xmlns=\\&quot;http:\\\/\\\/www.w3.org\\\/2000\\\/svg\\&quot;&gt;&lt;path d=\\&quot;M31.3 192h257.3c17.8 0 26.7 21.5 14.1 34.1L174.1 354.8c-7.8 7.8-20.5 7.8-28.3 0L17.2 226.1C4.6 213.5 13.5 192 31.3 192z\\&quot;&gt;&lt;\\\/path&gt;&lt;\\\/svg&gt;&quot;,&quot;library&quot;:&quot;fa-solid&quot;}}\" data-widget_type=\"nav-menu.default\">\n\t\t\t\t<div class=\"elementor-widget-container\">\n\t\t\t\t\t\t\t\t<nav aria-label=\"Menu\" class=\"elementor-nav-menu--main elementor-nav-menu__container elementor-nav-menu--layout-horizontal e--pointer-background e--animation-fade\">\n\t\t\t\t<ul id=\"menu-1-6b963c5\" class=\"elementor-nav-menu\"><li class=\"menu-item menu-item-type-post_type menu-item-object-language_switcher current-language-menu-item menu-item-385\"><a href=\"https:\/\/helenecaron.ca\/fr\/wp-json\/wp\/v2\/pages\/11\" class=\"elementor-item elementor-item-anchor menu-link\">Fran\u00e7ais<\/a><\/li>\n<li class=\"menu-item menu-item-type-post_type menu-item-object-language_switcher current-language-menu-item menu-item-386\"><a href=\"https:\/\/helenecaron.ca\/fr\/wp-json\/wp\/v2\/pages\/11\" class=\"elementor-item elementor-item-anchor menu-link\">English<\/a><\/li>\n<\/ul>\t\t\t<\/nav>\n\t\t\t\t\t\t<nav class=\"elementor-nav-menu--dropdown elementor-nav-menu__container\" aria-hidden=\"true\">\n\t\t\t\t<ul id=\"menu-2-6b963c5\" class=\"elementor-nav-menu\"><li class=\"menu-item menu-item-type-post_type menu-item-object-language_switcher current-language-menu-item menu-item-385\"><a href=\"https:\/\/helenecaron.ca\/fr\/wp-json\/wp\/v2\/pages\/11\" class=\"elementor-item elementor-item-anchor menu-link\" tabindex=\"-1\">Fran\u00e7ais<\/a><\/li>\n<li class=\"menu-item menu-item-type-post_type menu-item-object-language_switcher current-language-menu-item menu-item-386\"><a href=\"https:\/\/helenecaron.ca\/fr\/wp-json\/wp\/v2\/pages\/11\" class=\"elementor-item elementor-item-anchor menu-link\" tabindex=\"-1\">English<\/a><\/li>\n<\/ul>\t\t\t<\/nav>\n\t\t\t\t\t\t<\/div>\n\t\t\t\t<\/div>\n\t\t\t\t<div class=\"elementor-element elementor-element-bbe51fc elementor-widget elementor-widget-image\" data-id=\"bbe51fc\" data-element_type=\"widget\" data-e-type=\"widget\" data-widget_type=\"image.default\">\n\t\t\t\t<div class=\"elementor-widget-container\">\n\t\t\t\t\t\t\t\t\t\t\t\t\t\t\t<img decoding=\"async\" width=\"41\" height=\"41\" src=\"https:\/\/helenecaron.ca\/wp-content\/uploads\/2024\/11\/light-arrow.png\" class=\"attachment-full size-full wp-image-209\" alt=\"\" srcset=\"https:\/\/helenecaron.ca\/wp-content\/uploads\/2024\/11\/light-arrow.png 41w, https:\/\/helenecaron.ca\/wp-content\/uploads\/2024\/11\/light-arrow-12x12.png 12w\" sizes=\"(max-width: 41px) 100vw, 41px\" \/>\t\t\t\t\t\t\t\t\t\t\t\t\t\t\t<\/div>\n\t\t\t\t<\/div>\n\t\t\t\t<div class=\"elementor-element elementor-element-f58716d elementor-widget elementor-widget-heading\" data-id=\"f58716d\" data-element_type=\"widget\" data-e-type=\"widget\" data-widget_type=\"heading.default\">\n\t\t\t\t<div class=\"elementor-widget-container\">\n\t\t\t\t\t<h2 class=\"elementor-heading-title elementor-size-default\">Choisissez une langue<br>\nChoose a language<\/h2>\t\t\t\t<\/div>\n\t\t\t\t<\/div>\n\t\t\t\t<div class=\"elementor-element elementor-element-c386d4b elementor-widget elementor-widget-image\" data-id=\"c386d4b\" data-element_type=\"widget\" data-e-type=\"widget\" data-widget_type=\"image.default\">\n\t\t\t\t<div class=\"elementor-widget-container\">\n\t\t\t\t\t\t\t\t\t\t\t\t\t\t\t\t<a href=\"https:\/\/source-elements.com\/media\/external.source?6d277394m7f|2|1\" target=\"_blank\">\n\t\t\t\t\t\t\t<img decoding=\"async\" width=\"207\" height=\"66\" src=\"https:\/\/helenecaron.ca\/wp-content\/uploads\/2024\/11\/6d277394m7f_2_1_1.gif\" class=\"attachment-full size-full wp-image-53\" alt=\"\" \/>\t\t\t\t\t\t\t\t<\/a>\n\t\t\t\t\t\t\t\t\t\t\t\t\t\t\t<\/div>\n\t\t\t\t<\/div>\n\t\t<a class=\"elementor-element elementor-element-7ab38b4 e-flex e-con-boxed e-con e-child\" data-id=\"7ab38b4\" data-element_type=\"container\" data-e-type=\"container\" href=\"#joina\">\n\t\t\t\t\t<div class=\"e-con-inner\">\n\t\t\t\t<div class=\"elementor-element elementor-element-611a905 elementor-align-center elementor-widget elementor-widget-button\" data-id=\"611a905\" data-element_type=\"widget\" data-e-type=\"widget\" data-widget_type=\"button.default\">\n\t\t\t\t<div class=\"elementor-widget-container\">\n\t\t\t\t\t\t\t\t\t<div class=\"elementor-button-wrapper\">\n\t\t\t\t\t<a class=\"elementor-button elementor-button-link elementor-size-sm\" href=\"#joina\">\n\t\t\t\t\t\t<span class=\"elementor-button-content-wrapper\">\n\t\t\t\t\t\t\t\t\t<span class=\"elementor-button-text\">Join H\u00e9l\u00e8ne Caron<\/span>\n\t\t\t\t\t<\/span>\n\t\t\t\t\t<\/a>\n\t\t\t\t<\/div>\n\t\t\t\t\t\t\t\t<\/div>\n\t\t\t\t<\/div>\n\t\t\t\t\t<\/div>\n\t\t\t\t<\/a>\n\t\t\t\t<\/div>\n\t\t\t\t<\/div>\n\t\t<\/div>\n\t\t\t\t\t\t<\/div>\n\t\t\t\t<\/div>\n\t\t\t\t<\/div>\n\t\t<div class=\"elementor-element elementor-element-6c0f3da e-con-full e-flex e-con e-child\" data-id=\"6c0f3da\" data-element_type=\"container\" data-e-type=\"container\">\n\t\t\t\t<div class=\"elementor-element elementor-element-ba466b2 elementor-widget elementor-widget-image\" data-id=\"ba466b2\" data-element_type=\"widget\" data-e-type=\"widget\" data-widget_type=\"image.default\">\n\t\t\t\t<div class=\"elementor-widget-container\">\n\t\t\t\t\t\t\t\t\t\t\t\t\t\t\t<img loading=\"lazy\" decoding=\"async\" width=\"495\" height=\"279\" src=\"https:\/\/helenecaron.ca\/wp-content\/uploads\/2024\/11\/bubbles.png\" class=\"attachment-full size-full wp-image-86\" alt=\"\" srcset=\"https:\/\/helenecaron.ca\/wp-content\/uploads\/2024\/11\/bubbles.png 495w, https:\/\/helenecaron.ca\/wp-content\/uploads\/2024\/11\/bubbles-300x169.png 300w, https:\/\/helenecaron.ca\/wp-content\/uploads\/2024\/11\/bubbles-18x10.png 18w\" sizes=\"(max-width: 495px) 100vw, 495px\" \/>\t\t\t\t\t\t\t\t\t\t\t\t\t\t\t<\/div>\n\t\t\t\t<\/div>\n\t\t\t\t<div class=\"elementor-element elementor-element-ab1a923 elementor-widget elementor-widget-heading\" data-id=\"ab1a923\" data-element_type=\"widget\" data-e-type=\"widget\" data-widget_type=\"heading.default\">\n\t\t\t\t<div class=\"elementor-widget-container\">\n\t\t\t\t\t<h2 class=\"elementor-heading-title elementor-size-default\">Bonjour et merci de visiter mon site Web!<\/h2>\t\t\t\t<\/div>\n\t\t\t\t<\/div>\n\t\t\t\t<div class=\"elementor-element elementor-element-4d987ce elementor-widget elementor-widget-text-editor\" data-id=\"4d987ce\" data-element_type=\"widget\" data-e-type=\"widget\" data-widget_type=\"text-editor.default\">\n\t\t\t\t<div class=\"elementor-widget-container\">\n\t\t\t\t\t\t\t\t\tVous avez besoin de traduire de la documentation marketing, un film, une pub ou des communications de l\u2019anglais au fran\u00e7ais ou du fran\u00e7ais \u00e0 l\u2019anglais? Peut-\u00eatre \u00eates-vous \u00e0 la recherche d\u2019une voix hors champ pour narrer votre prochaine vid\u00e9o ou donner du punch \u00e0 votre pub radio ou Web\u2026 ou encore vous pr\u00e9parez une vid\u00e9o de formation et vous voulez trouver une personne bilingue pour \u00eatre devant la cam\u00e9ra. Eh bien, cliquez sur l\u2019un des onglets ci-dessus pour entamer une conversation et trouver une solution \u00e0 vos besoins!\t\t\t\t\t\t\t\t<\/div>\n\t\t\t\t<\/div>\n\t\t\t\t<\/div>\n\t\t\t\t<\/div>\n\t\t\t\t\t<\/div>\n\t\t\t\t<\/div>\n\t\t\t\t<\/div>","protected":false},"excerpt":{"rendered":"<p>Bonjour et&#8230; thank you for visiting my website! Do you have some French translation needs for marketing materials, a documentary, [&hellip;]<\/p>\n","protected":false},"author":1,"featured_media":0,"parent":0,"menu_order":0,"comment_status":"closed","ping_status":"open","template":"elementor_header_footer","meta":{"site-sidebar-layout":"no-sidebar","site-content-layout":"","ast-site-content-layout":"full-width-container","site-content-style":"default","site-sidebar-style":"default","ast-global-header-display":"","ast-banner-title-visibility":"","ast-main-header-display":"","ast-hfb-above-header-display":"","ast-hfb-below-header-display":"","ast-hfb-mobile-header-display":"","site-post-title":"disabled","ast-breadcrumbs-content":"","ast-featured-img":"disabled","footer-sml-layout":"","ast-disable-related-posts":"","theme-transparent-header-meta":"default","adv-header-id-meta":"","stick-header-meta":"","header-above-stick-meta":"","header-main-stick-meta":"","header-below-stick-meta":"","astra-migrate-meta-layouts":"set","ast-page-background-enabled":"default","ast-page-background-meta":{"desktop":{"background-color":"var(--ast-global-color-4)","background-image":"","background-repeat":"repeat","background-position":"center center","background-size":"auto","background-attachment":"scroll","background-type":"","background-media":"","overlay-type":"","overlay-color":"","overlay-opacity":"","overlay-gradient":""},"tablet":{"background-color":"","background-image":"","background-repeat":"repeat","background-position":"center center","background-size":"auto","background-attachment":"scroll","background-type":"","background-media":"","overlay-type":"","overlay-color":"","overlay-opacity":"","overlay-gradient":""},"mobile":{"background-color":"","background-image":"","background-repeat":"repeat","background-position":"center center","background-size":"auto","background-attachment":"scroll","background-type":"","background-media":"","overlay-type":"","overlay-color":"","overlay-opacity":"","overlay-gradient":""}},"ast-content-background-meta":{"desktop":{"background-color":"var(--ast-global-color-5)","background-image":"","background-repeat":"repeat","background-position":"center center","background-size":"auto","background-attachment":"scroll","background-type":"","background-media":"","overlay-type":"","overlay-color":"","overlay-opacity":"","overlay-gradient":""},"tablet":{"background-color":"var(--ast-global-color-5)","background-image":"","background-repeat":"repeat","background-position":"center center","background-size":"auto","background-attachment":"scroll","background-type":"","background-media":"","overlay-type":"","overlay-color":"","overlay-opacity":"","overlay-gradient":""},"mobile":{"background-color":"var(--ast-global-color-5)","background-image":"","background-repeat":"repeat","background-position":"center center","background-size":"auto","background-attachment":"scroll","background-type":"","background-media":"","overlay-type":"","overlay-color":"","overlay-opacity":"","overlay-gradient":""}},"footnotes":""},"class_list":["post-11","page","type-page","status-publish","hentry"],"yoast_head":"<!-- This site is optimized with the Yoast SEO plugin v27.3 - https:\/\/yoast.com\/product\/yoast-seo-wordpress\/ -->\n<title>Home - H&eacute;l&egrave;ne Caron<\/title>\n<meta name=\"robots\" content=\"index, follow, max-snippet:-1, max-image-preview:large, max-video-preview:-1\" \/>\n<link rel=\"canonical\" href=\"https:\/\/helenecaron.ca\/fr\/\" \/>\n<meta property=\"og:locale\" content=\"fr_FR\" \/>\n<meta property=\"og:type\" content=\"article\" \/>\n<meta property=\"og:title\" content=\"Home - H&eacute;l&egrave;ne Caron\" \/>\n<meta property=\"og:description\" content=\"Bonjour et&#8230; thank you for visiting my website! Do you have some French translation needs for marketing materials, a documentary, [&hellip;]\" \/>\n<meta property=\"og:url\" content=\"https:\/\/helenecaron.ca\/fr\/\" \/>\n<meta property=\"og:site_name\" content=\"H&eacute;l&egrave;ne Caron\" \/>\n<meta property=\"article:modified_time\" content=\"2025-05-18T17:08:02+00:00\" \/>\n<meta property=\"og:image\" content=\"http:\/\/helenecaron.ca\/wp-content\/uploads\/2024\/11\/bubbles.png\" \/>\n<meta name=\"twitter:card\" content=\"summary_large_image\" \/>\n<script type=\"application\/ld+json\" class=\"yoast-schema-graph\">{\"@context\":\"https:\\\/\\\/schema.org\",\"@graph\":[{\"@type\":\"WebPage\",\"@id\":\"https:\\\/\\\/helenecaron.ca\\\/\",\"url\":\"https:\\\/\\\/helenecaron.ca\\\/\",\"name\":\"Home - H&eacute;l&egrave;ne Caron\",\"isPartOf\":{\"@id\":\"https:\\\/\\\/helenecaron.ca\\\/#website\"},\"primaryImageOfPage\":{\"@id\":\"https:\\\/\\\/helenecaron.ca\\\/#primaryimage\"},\"image\":{\"@id\":\"https:\\\/\\\/helenecaron.ca\\\/#primaryimage\"},\"thumbnailUrl\":\"http:\\\/\\\/helenecaron.ca\\\/wp-content\\\/uploads\\\/2024\\\/11\\\/bubbles.png\",\"datePublished\":\"2024-11-06T20:02:53+00:00\",\"dateModified\":\"2025-05-18T17:08:02+00:00\",\"breadcrumb\":{\"@id\":\"https:\\\/\\\/helenecaron.ca\\\/#breadcrumb\"},\"inLanguage\":\"fr-FR\",\"potentialAction\":[{\"@type\":\"ReadAction\",\"target\":[\"https:\\\/\\\/helenecaron.ca\\\/\"]}]},{\"@type\":\"ImageObject\",\"inLanguage\":\"fr-FR\",\"@id\":\"https:\\\/\\\/helenecaron.ca\\\/#primaryimage\",\"url\":\"http:\\\/\\\/helenecaron.ca\\\/wp-content\\\/uploads\\\/2024\\\/11\\\/bubbles.png\",\"contentUrl\":\"http:\\\/\\\/helenecaron.ca\\\/wp-content\\\/uploads\\\/2024\\\/11\\\/bubbles.png\"},{\"@type\":\"BreadcrumbList\",\"@id\":\"https:\\\/\\\/helenecaron.ca\\\/#breadcrumb\",\"itemListElement\":[{\"@type\":\"ListItem\",\"position\":1,\"name\":\"Home\",\"item\":\"https:\\\/\\\/helenecaron.ca\\\/\"},{\"@type\":\"ListItem\",\"position\":2,\"name\":\"Home\"}]},{\"@type\":\"WebSite\",\"@id\":\"https:\\\/\\\/helenecaron.ca\\\/#website\",\"url\":\"https:\\\/\\\/helenecaron.ca\\\/\",\"name\":\"H&eacute;l&egrave;ne Caron\",\"description\":\"French Services Consultant\",\"potentialAction\":[{\"@type\":\"SearchAction\",\"target\":{\"@type\":\"EntryPoint\",\"urlTemplate\":\"https:\\\/\\\/helenecaron.ca\\\/?s={search_term_string}\"},\"query-input\":{\"@type\":\"PropertyValueSpecification\",\"valueRequired\":true,\"valueName\":\"search_term_string\"}}],\"inLanguage\":\"fr-FR\"}]}<\/script>\n<!-- \/ Yoast SEO plugin. -->","yoast_head_json":{"title":"Home - H&eacute;l&egrave;ne Caron","robots":{"index":"index","follow":"follow","max-snippet":"max-snippet:-1","max-image-preview":"max-image-preview:large","max-video-preview":"max-video-preview:-1"},"canonical":"https:\/\/helenecaron.ca\/fr\/","og_locale":"fr_FR","og_type":"article","og_title":"Home - H&eacute;l&egrave;ne Caron","og_description":"Bonjour et&#8230; thank you for visiting my website! Do you have some French translation needs for marketing materials, a documentary, [&hellip;]","og_url":"https:\/\/helenecaron.ca\/fr\/","og_site_name":"H&eacute;l&egrave;ne Caron","article_modified_time":"2025-05-18T17:08:02+00:00","og_image":[{"url":"http:\/\/helenecaron.ca\/wp-content\/uploads\/2024\/11\/bubbles.png","type":"","width":"","height":""}],"twitter_card":"summary_large_image","schema":{"@context":"https:\/\/schema.org","@graph":[{"@type":"WebPage","@id":"https:\/\/helenecaron.ca\/","url":"https:\/\/helenecaron.ca\/","name":"Home - H&eacute;l&egrave;ne Caron","isPartOf":{"@id":"https:\/\/helenecaron.ca\/#website"},"primaryImageOfPage":{"@id":"https:\/\/helenecaron.ca\/#primaryimage"},"image":{"@id":"https:\/\/helenecaron.ca\/#primaryimage"},"thumbnailUrl":"http:\/\/helenecaron.ca\/wp-content\/uploads\/2024\/11\/bubbles.png","datePublished":"2024-11-06T20:02:53+00:00","dateModified":"2025-05-18T17:08:02+00:00","breadcrumb":{"@id":"https:\/\/helenecaron.ca\/#breadcrumb"},"inLanguage":"fr-FR","potentialAction":[{"@type":"ReadAction","target":["https:\/\/helenecaron.ca\/"]}]},{"@type":"ImageObject","inLanguage":"fr-FR","@id":"https:\/\/helenecaron.ca\/#primaryimage","url":"http:\/\/helenecaron.ca\/wp-content\/uploads\/2024\/11\/bubbles.png","contentUrl":"http:\/\/helenecaron.ca\/wp-content\/uploads\/2024\/11\/bubbles.png"},{"@type":"BreadcrumbList","@id":"https:\/\/helenecaron.ca\/#breadcrumb","itemListElement":[{"@type":"ListItem","position":1,"name":"Home","item":"https:\/\/helenecaron.ca\/"},{"@type":"ListItem","position":2,"name":"Home"}]},{"@type":"WebSite","@id":"https:\/\/helenecaron.ca\/#website","url":"https:\/\/helenecaron.ca\/","name":"H&eacute;l&egrave;ne Caron","description":"French Services Consultant","potentialAction":[{"@type":"SearchAction","target":{"@type":"EntryPoint","urlTemplate":"https:\/\/helenecaron.ca\/?s={search_term_string}"},"query-input":{"@type":"PropertyValueSpecification","valueRequired":true,"valueName":"search_term_string"}}],"inLanguage":"fr-FR"}]}},"_links":{"self":[{"href":"https:\/\/helenecaron.ca\/fr\/wp-json\/wp\/v2\/pages\/11","targetHints":{"allow":["GET"]}}],"collection":[{"href":"https:\/\/helenecaron.ca\/fr\/wp-json\/wp\/v2\/pages"}],"about":[{"href":"https:\/\/helenecaron.ca\/fr\/wp-json\/wp\/v2\/types\/page"}],"author":[{"embeddable":true,"href":"https:\/\/helenecaron.ca\/fr\/wp-json\/wp\/v2\/users\/1"}],"replies":[{"embeddable":true,"href":"https:\/\/helenecaron.ca\/fr\/wp-json\/wp\/v2\/comments?post=11"}],"version-history":[{"count":6,"href":"https:\/\/helenecaron.ca\/fr\/wp-json\/wp\/v2\/pages\/11\/revisions"}],"predecessor-version":[{"id":689,"href":"https:\/\/helenecaron.ca\/fr\/wp-json\/wp\/v2\/pages\/11\/revisions\/689"}],"wp:attachment":[{"href":"https:\/\/helenecaron.ca\/fr\/wp-json\/wp\/v2\/media?parent=11"}],"curies":[{"name":"wp","href":"https:\/\/api.w.org\/{rel}","templated":true}]}}